{"id":277,"date":"2018-09-26T16:25:50","date_gmt":"2018-09-26T14:25:50","guid":{"rendered":"https:\/\/www.kaminklause.at\/impressum\/"},"modified":"2018-10-24T10:45:51","modified_gmt":"2018-10-24T08:45:51","slug":"terms","status":"publish","type":"page","link":"https:\/\/www.kaminklause.at\/en\/terms\/","title":{"rendered":"Terms"},"content":{"rendered":"\r\n<div class=\"vce-row-container\">\r\n<div id=\"el-7accb6d7\" class=\"vce-row vce-row--col-gap-30 vce-row-columns--top vce-row-content--top\" data-vce-do-apply=\"all el-7accb6d7\">\r\n<div class=\"vce-row-content\" data-vce-element-content=\"true\">\r\n<div id=\"el-9ebf0322\" class=\"vce-col vce-col--md-auto vce-col--xs-1 vce-col--xs-last vce-col--xs-first vce-col--sm-last vce-col--sm-first vce-col--md-last vce-col--lg-last vce-col--xl-last vce-col--md-first vce-col--lg-first vce-col--xl-first\" data-vce-do-apply=\"background border el-9ebf0322\">\r\n<div class=\"vce-col-inner\" data-vce-element-content=\"true\" data-vce-do-apply=\"padding margin el-9ebf0322\">\r\n<div class=\"vce-text-block\">\r\n<div id=\"el-96bc4431\" class=\"vce-text-block-wrapper vce\" data-vce-do-apply=\"all el-96bc4431\">\r\n<h1>Terms<\/h1>\r\n<\/div>\r\n<\/div>\r\n<div class=\"vce-text-block\">\r\n<div id=\"el-9c99b57a\" class=\"vce-text-block-wrapper vce\" data-vce-do-apply=\"all el-9c99b57a\"><\/div>\r\n<\/div>\r\n<\/div>\r\n<\/div>\r\n<\/div>\r\n<\/div>\r\n<\/div>\r\n<div class=\"vce-row-container\">\r\n<div id=\"el-6a72b9ce\" class=\"vce-row vce-row--col-gap-30 vce-row-columns--top vce-row-content--top\" data-vce-do-apply=\"all el-6a72b9ce\">\r\n<div class=\"vce-row-content\" data-vce-element-content=\"true\">\r\n<div id=\"el-dd794e1b\" class=\"vce-col vce-col--md-33-33p vce-col--xs-1 vce-col--xs-last vce-col--xs-first vce-col--sm-last vce-col--sm-first vce-col--md-first vce-col--lg-first vce-col--xl-first\" data-vce-do-apply=\"background border el-dd794e1b\">\r\n<div class=\"vce-col-inner\" data-vce-element-content=\"true\" data-vce-do-apply=\"padding margin el-dd794e1b\">\r\n<div class=\"vce-text-block\">\r\n<div id=\"el-914ac6b0\" class=\"vce-text-block-wrapper vce\" data-vce-do-apply=\"all el-914ac6b0\">\r\n<h5>Website owner<\/h5>\r\n<\/div>\r\n<\/div>\r\n<div class=\"vce-text-block\">\r\n<div id=\"el-864109d7\" class=\"vce-text-block-wrapper vce\" data-vce-do-apply=\"all el-864109d7\">\r\n\r\nBrun\u00e4cker Hotel Vierjahreszeiten GmbH\r\n\r\nUnterberggasse 171\r\n\r\nA-5542 Flachau\r\n\r\nTel. <a href=\"tel:+4364572643\">+43 6457 2643<\/a>\r\n\r\n<a href=\"mailto:info@www.kaminklause.at\">info@www.kaminklause.at<\/a>\r\n\r\n<\/div>\r\n<\/div>\r\n<div class=\"vce-text-block\">\r\n<div id=\"el-86fe052a\" class=\"vce-text-block-wrapper vce\" data-vce-do-apply=\"all el-86fe052a\">\r\n\r\n<a href=\"https:\/\/firmen.wko.at\/Web\/DetailsKontakt.aspx?FirmaID=6ad7581f-d9bc-4cb7-bd43-d44da5dc7dd4&amp;StandortID=1332&amp;StandortName=flachau&amp;Suchbegriff=brun%C3%A4cker&amp;Page=1\" target=\"_blank\" rel=\"noopener\"><img decoding=\"async\" class=\"alignnone wp-image-149 size-full\" src=\"https:\/\/www.kaminklause.at\/wp-content\/uploads\/informationspflicht_logo_wko.jpg\" alt=\"WKO-Logo\" width=\"169\" height=\"23\" \/><\/a>\r\n\r\n<\/div>\r\n<\/div>\r\n<\/div>\r\n<\/div>\r\n<div id=\"el-1917de44\" class=\"vce-col vce-col--md-33-33p vce-col--xs-1 vce-col--xs-last vce-col--xs-first vce-col--sm-last vce-col--sm-first\" data-vce-do-apply=\"background border el-1917de44\">\r\n<div class=\"vce-col-inner\" data-vce-element-content=\"true\" data-vce-do-apply=\"padding margin el-1917de44\">\r\n<div class=\"vce-text-block\">\r\n<div id=\"el-d9af8539\" class=\"vce-text-block-wrapper vce\" data-vce-do-apply=\"all el-d9af8539\">\r\n<h5>Authorites acc. e-commerce laws<\/h5>\r\n<\/div>\r\n<\/div>\r\n<div class=\"vce-text-block\">\r\n<div id=\"el-4bdfceec\" class=\"vce-text-block-wrapper vce\" data-vce-do-apply=\"all el-4bdfceec\">\r\n\r\nDistrict Council in St. Johann im Pongau\r\n\r\n<\/div>\r\n<\/div>\r\n<div class=\"vce-text-block\">\r\n<div id=\"el-50a8d8c5\" class=\"vce-text-block-wrapper vce\" data-vce-do-apply=\"all el-50a8d8c5\">\r\n<h5>Court of Justice<\/h5>\r\n<\/div>\r\n<\/div>\r\n<div class=\"vce-text-block\">\r\n<div id=\"el-ea94cfc0\" class=\"vce-text-block-wrapper vce\" data-vce-do-apply=\"all el-ea94cfc0\">\r\n\r\nSt. Johann im Pongau\r\n\r\n<\/div>\r\n<\/div>\r\n<\/div>\r\n<\/div>\r\n<div id=\"el-f7f23b47\" class=\"vce-col vce-col--md-33-33p vce-col--xs-1 vce-col--xs-last vce-col--xs-first vce-col--sm-last vce-col--sm-first vce-col--md-last vce-col--lg-last vce-col--xl-last\" data-vce-do-apply=\"background border el-f7f23b47\">\r\n<div class=\"vce-col-inner\" data-vce-element-content=\"true\" data-vce-do-apply=\"padding margin el-f7f23b47\">\r\n<div class=\"vce-text-block\">\r\n<div id=\"el-438b2db7\" class=\"vce-text-block-wrapper vce\" data-vce-do-apply=\"all el-438b2db7\">\r\n<h5>Photo credits<\/h5>\r\n<\/div>\r\n<\/div>\r\n<div class=\"vce-text-block\">\r\n<div id=\"el-6b1227e2\" class=\"vce-text-block-wrapper vce\" data-vce-do-apply=\"all el-6b1227e2\">\r\n\r\nGerhard Wolkersdorfer\r\n\r\nWerbefotograf Gruber Michael\r\n\r\nShutterstock\r\n\r\nPrivat\r\n\r\n<\/div>\r\n<\/div>\r\n<\/div>\r\n<\/div>\r\n<\/div>\r\n<\/div>\r\n<\/div>\r\n<div class=\"vce-row-container\">\r\n<div id=\"el-631953ff\" class=\"vce-row vce-row--col-gap-30 vce-row-columns--top vce-row-content--top\" data-vce-do-apply=\"all el-631953ff\">\r\n<div class=\"vce-row-content\" data-vce-element-content=\"true\">\r\n<div id=\"el-3a8b0a2d\" class=\"vce-col vce-col--md-100p vce-col--xs-1 vce-col--xs-last vce-col--xs-first vce-col--sm-last vce-col--sm-first vce-col--md-last vce-col--lg-last vce-col--xl-last vce-col--md-first vce-col--lg-first vce-col--xl-first\" data-vce-do-apply=\"background border el-3a8b0a2d\">\r\n<div class=\"vce-col-inner\" data-vce-element-content=\"true\" data-vce-do-apply=\"padding margin el-3a8b0a2d\">\r\n<div class=\"vce-text-block\">\r\n<div id=\"el-daac960c\" class=\"vce-text-block-wrapper vce\" data-vce-do-apply=\"all el-daac960c\">\r\n<h5>Concept, web design &amp; technische implementation<\/h5>\r\n<\/div>\r\n<\/div>\r\n<div class=\"vce-row-container\">\r\n<div id=\"el-60a007e3\" class=\"vce-row vce-row--col-gap-30 vce-row-columns--top vce-row-content--top\" data-vce-do-apply=\"all el-60a007e3\">\r\n<div class=\"vce-row-content\" data-vce-element-content=\"true\">\r\n<div id=\"el-46c80667\" class=\"vce-col vce-col--md-25p vce-col--xs-1 vce-col--xs-last vce-col--xs-first vce-col--sm-last vce-col--sm-first vce-col--md-first vce-col--lg-first vce-col--xl-first\" data-vce-do-apply=\"background border el-46c80667\">\r\n<div class=\"vce-col-inner\" data-vce-element-content=\"true\" data-vce-do-apply=\"padding margin el-46c80667\">\r\n<div class=\"vce-text-block\">\r\n<div id=\"el-4b0bc855\" class=\"vce-text-block-wrapper vce\" data-vce-do-apply=\"all el-4b0bc855\">\r\n\r\nIMPULS Werbeagentur OG\r\n\r\nStadtplatz 11\r\n\r\nA-5550 Radstadt\r\n\r\n<a href=\"http:\/\/www.impuls-werbeagentur.at\" target=\"_blank\" rel=\"noopener\">www.impuls-werbeagentur.at<\/a>\r\n\r\n<\/div>\r\n<\/div>\r\n<\/div>\r\n<\/div>\r\n<div id=\"el-825b8479\" class=\"vce-col vce-col--md-75p vce-col--xs-1 vce-col--xs-last vce-col--xs-first vce-col--sm-last vce-col--sm-first vce-col--md-last vce-col--lg-last vce-col--xl-last\" data-vce-do-apply=\"background border el-825b8479\">\r\n<div class=\"vce-col-inner\" data-vce-element-content=\"true\" data-vce-do-apply=\"padding margin el-825b8479\">\r\n<div class=\"vce-text-block\">\r\n<div id=\"el-f8fc7a8d\" class=\"vce-text-block-wrapper vce\" data-vce-do-apply=\"all el-f8fc7a8d\">\r\n\r\nThis website was designed by\u00a0<a href=\"http:\/\/www.impuls-werbeagentur.at\/\">IMPULS full-service advertising agency<\/a>\u00a0in Radstadt, Pongau, a business which passionately creates and implements successful\u00a0<a href=\"http:\/\/www.impuls-werbeagentur.at\/#leistungen\">internet sites<\/a>\u00a0for businesses in\u00a0<a href=\"http:\/\/www.impuls-werbeagentur.at\/#agentur\">tourism<\/a>,\u00a0<a href=\"http:\/\/www.impuls-werbeagentur.at\/#agentur\">hospitality<\/a>,\u00a0<a href=\"http:\/\/www.impuls-werbeagentur.at\/#agentur\">commerce &amp; skilled crafts<\/a>. In addition, IMPULS offers customers\u00a0<a href=\"http:\/\/www.impuls-werbeagentur.at\/#leistungen\">print solutions<\/a>\u00a0such as official stationery, advertisements, catalogues, brochures and flyers.\u00a0<a href=\"http:\/\/www.impuls-werbeagentur.at\/#leistungen\">Search-engine optimization<\/a>,\u00a0<a href=\"http:\/\/www.impuls-werbeagentur.at\/#leistungen\">webshops<\/a>,\u00a0<a href=\"http:\/\/www.impuls-werbeagentur.at\/#leistungen\">social marketing<\/a>,\u00a0<a href=\"http:\/\/www.impuls-werbeagentur.at\/#leistungen\">corporate design<\/a>\u00a0and\u00a0<a href=\"http:\/\/www.impuls-werbeagentur.at\/#leistungen\">outdoor media<\/a>\u00a0are likewise competencies of our advertising agency in Pongau. We invite you to take a look at our\u00a0<a href=\"http:\/\/www.impuls-werbeagentur.at\/websites\/\">web references<\/a>,\u00a0<a href=\"http:\/\/www.impuls-werbeagentur.at\/drucksorten\/\">print<\/a> and\u00a0<a href=\"http:\/\/www.impuls-werbeagentur.at\/logos\/\">logo references<\/a>\u00a0so you can see our qualities for yourself.\r\n\r\n<\/div>\r\n<\/div>\r\n<\/div>\r\n<\/div>\r\n<\/div>\r\n<\/div>\r\n<\/div>\r\n<\/div>\r\n<\/div>\r\n<\/div>\r\n<\/div>\r\n<\/div>\r\n<div class=\"vce-row-container\">\r\n<div id=\"el-2267f53f\" class=\"vce-row vce-row--col-gap-30 vce-row-columns--top vce-row-content--top\" data-vce-do-apply=\"all el-2267f53f\">\r\n<div class=\"vce-row-content\" data-vce-element-content=\"true\">\r\n<div id=\"el-a758f89a\" class=\"vce-col vce-col--md-auto vce-col--xs-1 vce-col--xs-last vce-col--xs-first vce-col--sm-last vce-col--sm-first vce-col--md-last vce-col--lg-last vce-col--xl-last vce-col--md-first vce-col--lg-first vce-col--xl-first\" data-vce-do-apply=\"background border el-a758f89a\">\r\n<div class=\"vce-col-inner\" data-vce-element-content=\"true\" data-vce-do-apply=\"padding margin el-a758f89a\">\r\n<div class=\"vce-text-block\">\r\n<div id=\"el-9331cad6\" class=\"vce-text-block-wrapper vce\" data-vce-do-apply=\"all el-9331cad6\">\r\n<h3>Haftungsausschluss<\/h3>\r\n<\/div>\r\n<\/div>\r\n<div class=\"vce-text-block\">\r\n<div id=\"el-c2ff3b0b\" class=\"vce-text-block-wrapper vce\" data-vce-do-apply=\"all el-c2ff3b0b\">\r\n\r\n<!--vcv no format-->\r\n<div class=\"vce-row-container\">\r\n<div id=\"el-ff072c4b\" class=\"vce-row vce-row--col-gap-30 vce-row-columns--top vce-row-content--top\" data-vce-do-apply=\"all el-ff072c4b\">\r\n<div class=\"vce-row-content\" data-vce-element-content=\"true\">\r\n<div id=\"el-038603ee\" class=\"vce-col vce-col--md-auto vce-col--xs-1 vce-col--xs-last vce-col--xs-first vce-col--sm-last vce-col--sm-first vce-col--md-last vce-col--lg-last vce-col--xl-last vce-col--md-first vce-col--lg-first vce-col--xl-first\" data-vce-do-apply=\"background border el-038603ee\">\r\n<div class=\"vce-col-inner\" data-vce-element-content=\"true\" data-vce-do-apply=\"padding margin el-038603ee\">\r\n<div class=\"vce-text-block\">\r\n<div id=\"el-013f2967\" class=\"vce-text-block-wrapper vce\" data-vce-do-apply=\"all el-013f2967\">\r\n\r\n<strong>Inhalt des Onlineangebotes<\/strong>\r\n\r\nDer Autor \u00fcbernimmt keinerlei Gew\u00e4hr f\u00fcr die Aktualit\u00e4t, Korrektheit, Vollst\u00e4ndigkeit oder Qualit\u00e4t der bereitgestellten Informationen. Haftungsanspr\u00fcche gegen den Autor, welche sich auf Sch\u00e4den materieller oder ideeller Art beziehen, die durch die Nutzung oder Nichtnutzung der dargebotenen Informationen bzw. durch die Nutzung fehlerhafter und unvollst\u00e4ndiger Informationen verursacht wurden, sind grunds\u00e4tzlich ausgeschlossen, sofern seitens des Autors kein nachweislich vors\u00e4tzliches oder grob fahrl\u00e4ssiges Verschulden vorliegt. Alle Angebote sind freibleibend und unverbindlich.\u00a0 Der Autor beh\u00e4lt es sich ausdr\u00fccklich vor, Teile der Seiten oder das gesamte Angebot ohne gesonderte Ank\u00fcndigung zu ver\u00e4ndern, zu erg\u00e4nzen, zu l\u00f6schen oder die Ver\u00f6ffentlichung zeitweise oder endg\u00fcltig einzustellen.\r\n\r\n<\/div>\r\n<\/div>\r\n<\/div>\r\n<\/div>\r\n<\/div>\r\n<\/div>\r\n<\/div>\r\n<div class=\"vce-row-container\">\r\n<div id=\"el-1e171118\" class=\"vce-row vce-row--col-gap-30 vce-row-columns--top vce-row-content--top\" data-vce-do-apply=\"all el-1e171118\">\r\n<div class=\"vce-row-content\" data-vce-element-content=\"true\">\r\n<div id=\"el-7b68b48d\" class=\"vce-col vce-col--md-auto vce-col--xs-1 vce-col--xs-last vce-col--xs-first vce-col--sm-last vce-col--sm-first vce-col--md-last vce-col--lg-last vce-col--xl-last vce-col--md-first vce-col--lg-first vce-col--xl-first\" data-vce-do-apply=\"background border el-7b68b48d\">\r\n<div class=\"vce-col-inner\" data-vce-element-content=\"true\" data-vce-do-apply=\"padding margin el-7b68b48d\">\r\n<div class=\"vce-text-block\">\r\n<div id=\"el-da74c360\" class=\"vce-text-block-wrapper vce\" data-vce-do-apply=\"all el-da74c360\">\r\n\r\n&nbsp;\r\n\r\n<strong>Verweise und Links<\/strong>\r\n\r\nBei direkten oder indirekten Verweisen auf fremde Internetseiten (\u201cLinks\u201d), die au\u00dferhalb des Verantwortungsbereiches des Autors liegen, w\u00fcrde eine Haftungsverpflichtung ausschlie\u00dflich in dem Fall in Kraft treten, in dem der Autor von den Inhalten Kenntnis hat und es ihm technisch m\u00f6glich und zumutbar w\u00e4re, die Nutzung im Falle rechtswidriger Inhalte zu verhindern.Der Autor erkl\u00e4rt hiermit ausdr\u00fccklich, dass zum Zeitpunkt der Linksetzung keine illegalen Inhalte auf den zu verlinkenden Seiten erkennbar waren. Auf die aktuelle und zuk\u00fcnftige Gestaltung, die Inhalte oder die Urheberschaft der gelinkten\/verkn\u00fcpften Seiten hat der Autor keinerlei Einfluss. Deshalb distanziert er sich hiermit ausdr\u00fccklich von allen Inhalten aller gelinkten \/verkn\u00fcpften Seiten, die nach der Linksetzung ver\u00e4ndert wurden. Diese Feststellung gilt f\u00fcr alle innerhalb des eigenen Internetangebotes gesetzten Links und Verweise sowie f\u00fcr Fremdeintr\u00e4ge in vom Autor eingerichteten G\u00e4steb\u00fcchern, Diskussionsforen und Mailinglisten. F\u00fcr illegale, fehlerhafte oder unvollst\u00e4ndige Inhalte und insbesondere f\u00fcr Sch\u00e4den, die aus der Nutzung oder Nichtnutzung solcherart dargebotener Informationen entstehen, haftet allein der Anbieter der Seite, auf welche verwiesen wurde, nicht derjenige, der \u00fcber Links auf die jeweilige Ver\u00f6ffentlichung lediglich verweist.\r\n\r\n&nbsp;\r\n\r\n<strong>Urheber- und Kennzeichenrecht<\/strong>\r\n\r\nDer Autor ist bestrebt, in allen Publikationen die Urheberrechte der verwendeten Grafiken, Tondokumente, Videosequenzen und Texte zu beachten, von ihm selbst erstellte Grafiken, Tondokumente, Videosequenzen und Texte zu nutzen oder auf lizenzfreie Grafiken, Tondokumente, Videosequenzen und Texte zur\u00fcckzugreifen. Alle innerhalb des Internetangebotes genannten und ggf. durch Dritte gesch\u00fctzten Marken- und Warenzeichen unterliegen uneingeschr\u00e4nkt den Bestimmungen des jeweils g\u00fcltigen Kennzeichenrechts und den Besitzrechten der jeweiligen eingetragenen Eigent\u00fcmer. Allein aufgrund der blo\u00dfen Nennung ist nicht der Schlu\u00df zu ziehen, dass Markenzeichen nicht durch Rechte Dritter gesch\u00fctzt sind! Das Copyright f\u00fcr ver\u00f6ffentlichte, vom Autor selbst erstellte Objekte bleibt allein beim Autor der Seiten. Eine Vervielf\u00e4ltigung oder Verwendung solcher Grafiken, Tondokumente, Videosequenzen und Texte in anderen elektronischen oder gedruckten Publikationen ist ohne ausdr\u00fcckliche Zustimmung des Autors nicht gestattet.\r\n\r\n&nbsp;\r\n\r\n<strong>Rechtswirksamkeit dieses Haftungsausschlusses<\/strong><strong>\u00a0<\/strong>\r\n\r\nDieser Haftungsausschluss ist als Teil des Internetangebotes zu betrachten, von dem aus auf diese Seite verwiesen wurde. Sofern Teile oder einzelne Formulierungen dieses Textes der geltenden Rechtslage nicht, nicht mehr oder nicht vollst\u00e4ndig entsprechen sollten, bleiben die \u00fcbrigen Teile des Dokumentes in ihrem Inhalt und ihrer G\u00fcltigkeit davon unber\u00fchrt.\r\n\r\n&nbsp;\r\n\r\n<strong>W3C<\/strong><strong>\u00a0<\/strong>\r\n\r\nDiese Homepage entspricht den Richtlinien der W3C.\r\n\r\n<\/div>\r\n<\/div>\r\n<\/div>\r\n<\/div>\r\n<\/div>\r\n<\/div>\r\n<\/div>\r\n<!--vcv no format-->\r\n\r\n<\/div>\r\n<\/div>\r\n<\/div>\r\n<\/div>\r\n<\/div>\r\n<\/div>\r\n<\/div>\r\n\n","protected":false},"excerpt":{"rendered":"<p>Terms Website owner Brun\u00e4cker Hotel Vierjahreszeiten GmbH Unterberggasse 171 A-5542 Flachau Tel. +43 6457 2643 info@www.kaminklause.at Authorites acc. e-commerce laws District Council in St. Johann im Pongau Court of Justice St. Johann im Pongau Photo credits Gerhard Wolkersdorfer Werbefotograf Gruber Michael Shutterstock Privat Concept, web design &amp; technische implementation IMPULS Werbeagentur OG Stadtplatz 11 A-5550 [&hellip;]<\/p>\n","protected":false},"author":1,"featured_media":0,"parent":0,"menu_order":0,"comment_status":"closed","ping_status":"closed","template":"","meta":{"_acf_changed":false,"rs_blank_template":"","rs_page_bg_color":"","slide_template_v7":"","footnotes":""},"class_list":["post-277","page","type-page","status-publish","hentry"],"acf":[],"yoast_head":"<!-- This site is optimized with the Yoast SEO plugin v27.6 - https:\/\/yoast.com\/product\/yoast-seo-wordpress\/ -->\n<title>Terms - Kaminklause - Apr\u00e8s-Ski und Restaurant in Flachau<\/title>\n<meta name=\"robots\" content=\"index, follow, max-snippet:-1, max-image-preview:large, max-video-preview:-1\" \/>\n<link rel=\"canonical\" href=\"https:\/\/www.kaminklause.at\/en\/terms\/\" \/>\n<meta property=\"og:locale\" content=\"en_US\" \/>\n<meta property=\"og:type\" content=\"article\" \/>\n<meta property=\"og:title\" content=\"Terms - Kaminklause - Apr\u00e8s-Ski und Restaurant in Flachau\" \/>\n<meta property=\"og:description\" content=\"Terms Website owner Brun\u00e4cker Hotel Vierjahreszeiten GmbH Unterberggasse 171 A-5542 Flachau Tel. +43 6457 2643 info@www.kaminklause.at Authorites acc. e-commerce laws District Council in St. Johann im Pongau Court of Justice St. Johann im Pongau Photo credits Gerhard Wolkersdorfer Werbefotograf Gruber Michael Shutterstock Privat Concept, web design &amp; technische implementation IMPULS Werbeagentur OG Stadtplatz 11 A-5550 [&hellip;]\" \/>\n<meta property=\"og:url\" content=\"https:\/\/www.kaminklause.at\/en\/terms\/\" \/>\n<meta property=\"og:site_name\" content=\"Kaminklause - Apr\u00e8s-Ski und Restaurant in Flachau\" \/>\n<meta property=\"article:modified_time\" content=\"2018-10-24T08:45:51+00:00\" \/>\n<meta property=\"og:image\" content=\"https:\/\/www.kaminklause.at\/wp-content\/uploads\/informationspflicht_logo_wko.jpg\" \/>\n<meta name=\"twitter:card\" content=\"summary_large_image\" \/>\n<meta name=\"twitter:label1\" content=\"Est. reading time\" \/>\n\t<meta name=\"twitter:data1\" content=\"3 minutes\" \/>\n<script type=\"application\/ld+json\" class=\"yoast-schema-graph\">{\"@context\":\"https:\\\/\\\/schema.org\",\"@graph\":[{\"@type\":\"WebPage\",\"@id\":\"https:\\\/\\\/www.kaminklause.at\\\/en\\\/terms\\\/\",\"url\":\"https:\\\/\\\/www.kaminklause.at\\\/en\\\/terms\\\/\",\"name\":\"Terms - Kaminklause - Apr\u00e8s-Ski und Restaurant in Flachau\",\"isPartOf\":{\"@id\":\"https:\\\/\\\/www.kaminklause.at\\\/#website\"},\"primaryImageOfPage\":{\"@id\":\"https:\\\/\\\/www.kaminklause.at\\\/en\\\/terms\\\/#primaryimage\"},\"image\":{\"@id\":\"https:\\\/\\\/www.kaminklause.at\\\/en\\\/terms\\\/#primaryimage\"},\"thumbnailUrl\":\"https:\\\/\\\/www.kaminklause.at\\\/wp-content\\\/uploads\\\/informationspflicht_logo_wko.jpg\",\"datePublished\":\"2018-09-26T14:25:50+00:00\",\"dateModified\":\"2018-10-24T08:45:51+00:00\",\"breadcrumb\":{\"@id\":\"https:\\\/\\\/www.kaminklause.at\\\/en\\\/terms\\\/#breadcrumb\"},\"inLanguage\":\"en-US\",\"potentialAction\":[{\"@type\":\"ReadAction\",\"target\":[\"https:\\\/\\\/www.kaminklause.at\\\/en\\\/terms\\\/\"]}]},{\"@type\":\"ImageObject\",\"inLanguage\":\"en-US\",\"@id\":\"https:\\\/\\\/www.kaminklause.at\\\/en\\\/terms\\\/#primaryimage\",\"url\":\"https:\\\/\\\/www.kaminklause.at\\\/wp-content\\\/uploads\\\/informationspflicht_logo_wko.jpg\",\"contentUrl\":\"https:\\\/\\\/www.kaminklause.at\\\/wp-content\\\/uploads\\\/informationspflicht_logo_wko.jpg\"},{\"@type\":\"BreadcrumbList\",\"@id\":\"https:\\\/\\\/www.kaminklause.at\\\/en\\\/terms\\\/#breadcrumb\",\"itemListElement\":[{\"@type\":\"ListItem\",\"position\":1,\"name\":\"Startseite\",\"item\":\"https:\\\/\\\/www.kaminklause.at\\\/en\\\/home-winter\\\/\"},{\"@type\":\"ListItem\",\"position\":2,\"name\":\"Terms\"}]},{\"@type\":\"WebSite\",\"@id\":\"https:\\\/\\\/www.kaminklause.at\\\/#website\",\"url\":\"https:\\\/\\\/www.kaminklause.at\\\/\",\"name\":\"Kaminklause - Apr\u00e8s-Ski und Restaurant in Flachau\",\"description\":\"\",\"potentialAction\":[{\"@type\":\"SearchAction\",\"target\":{\"@type\":\"EntryPoint\",\"urlTemplate\":\"https:\\\/\\\/www.kaminklause.at\\\/?s={search_term_string}\"},\"query-input\":{\"@type\":\"PropertyValueSpecification\",\"valueRequired\":true,\"valueName\":\"search_term_string\"}}],\"inLanguage\":\"en-US\"}]}<\/script>\n<!-- \/ Yoast SEO plugin. -->","yoast_head_json":{"title":"Terms - Kaminklause - Apr\u00e8s-Ski und Restaurant in Flachau","robots":{"index":"index","follow":"follow","max-snippet":"max-snippet:-1","max-image-preview":"max-image-preview:large","max-video-preview":"max-video-preview:-1"},"canonical":"https:\/\/www.kaminklause.at\/en\/terms\/","og_locale":"en_US","og_type":"article","og_title":"Terms - Kaminklause - Apr\u00e8s-Ski und Restaurant in Flachau","og_description":"Terms Website owner Brun\u00e4cker Hotel Vierjahreszeiten GmbH Unterberggasse 171 A-5542 Flachau Tel. +43 6457 2643 info@www.kaminklause.at Authorites acc. e-commerce laws District Council in St. Johann im Pongau Court of Justice St. Johann im Pongau Photo credits Gerhard Wolkersdorfer Werbefotograf Gruber Michael Shutterstock Privat Concept, web design &amp; technische implementation IMPULS Werbeagentur OG Stadtplatz 11 A-5550 [&hellip;]","og_url":"https:\/\/www.kaminklause.at\/en\/terms\/","og_site_name":"Kaminklause - Apr\u00e8s-Ski und Restaurant in Flachau","article_modified_time":"2018-10-24T08:45:51+00:00","og_image":[{"url":"https:\/\/www.kaminklause.at\/wp-content\/uploads\/informationspflicht_logo_wko.jpg","type":"","width":"","height":""}],"twitter_card":"summary_large_image","twitter_misc":{"Est. reading time":"3 minutes"},"schema":{"@context":"https:\/\/schema.org","@graph":[{"@type":"WebPage","@id":"https:\/\/www.kaminklause.at\/en\/terms\/","url":"https:\/\/www.kaminklause.at\/en\/terms\/","name":"Terms - Kaminklause - Apr\u00e8s-Ski und Restaurant in Flachau","isPartOf":{"@id":"https:\/\/www.kaminklause.at\/#website"},"primaryImageOfPage":{"@id":"https:\/\/www.kaminklause.at\/en\/terms\/#primaryimage"},"image":{"@id":"https:\/\/www.kaminklause.at\/en\/terms\/#primaryimage"},"thumbnailUrl":"https:\/\/www.kaminklause.at\/wp-content\/uploads\/informationspflicht_logo_wko.jpg","datePublished":"2018-09-26T14:25:50+00:00","dateModified":"2018-10-24T08:45:51+00:00","breadcrumb":{"@id":"https:\/\/www.kaminklause.at\/en\/terms\/#breadcrumb"},"inLanguage":"en-US","potentialAction":[{"@type":"ReadAction","target":["https:\/\/www.kaminklause.at\/en\/terms\/"]}]},{"@type":"ImageObject","inLanguage":"en-US","@id":"https:\/\/www.kaminklause.at\/en\/terms\/#primaryimage","url":"https:\/\/www.kaminklause.at\/wp-content\/uploads\/informationspflicht_logo_wko.jpg","contentUrl":"https:\/\/www.kaminklause.at\/wp-content\/uploads\/informationspflicht_logo_wko.jpg"},{"@type":"BreadcrumbList","@id":"https:\/\/www.kaminklause.at\/en\/terms\/#breadcrumb","itemListElement":[{"@type":"ListItem","position":1,"name":"Startseite","item":"https:\/\/www.kaminklause.at\/en\/home-winter\/"},{"@type":"ListItem","position":2,"name":"Terms"}]},{"@type":"WebSite","@id":"https:\/\/www.kaminklause.at\/#website","url":"https:\/\/www.kaminklause.at\/","name":"Kaminklause - Apr\u00e8s-Ski und Restaurant in Flachau","description":"","potentialAction":[{"@type":"SearchAction","target":{"@type":"EntryPoint","urlTemplate":"https:\/\/www.kaminklause.at\/?s={search_term_string}"},"query-input":{"@type":"PropertyValueSpecification","valueRequired":true,"valueName":"search_term_string"}}],"inLanguage":"en-US"}]}},"_links":{"self":[{"href":"https:\/\/www.kaminklause.at\/en\/wp-json\/wp\/v2\/pages\/277","targetHints":{"allow":["GET"]}}],"collection":[{"href":"https:\/\/www.kaminklause.at\/en\/wp-json\/wp\/v2\/pages"}],"about":[{"href":"https:\/\/www.kaminklause.at\/en\/wp-json\/wp\/v2\/types\/page"}],"author":[{"embeddable":true,"href":"https:\/\/www.kaminklause.at\/en\/wp-json\/wp\/v2\/users\/1"}],"replies":[{"embeddable":true,"href":"https:\/\/www.kaminklause.at\/en\/wp-json\/wp\/v2\/comments?post=277"}],"version-history":[{"count":0,"href":"https:\/\/www.kaminklause.at\/en\/wp-json\/wp\/v2\/pages\/277\/revisions"}],"wp:attachment":[{"href":"https:\/\/www.kaminklause.at\/en\/wp-json\/wp\/v2\/media?parent=277"}],"curies":[{"name":"wp","href":"https:\/\/api.w.org\/{rel}","templated":true}]}}